{"id":165,"date":"2020-01-23T15:07:23","date_gmt":"2020-01-23T15:07:23","guid":{"rendered":"https:\/\/alma-vida.com\/?page_id=165"},"modified":"2020-01-24T13:25:12","modified_gmt":"2020-01-24T13:25:12","slug":"anfrage","status":"publish","type":"page","link":"https:\/\/alma-vida.com\/en\/anfrage","title":{"rendered":"Anfrage"},"content":{"rendered":"<div id=\"cs-content\" class=\"cs-content\"><\/div>\n","protected":false},"excerpt":{"rendered":"<p>gerne kommen wir zu ihremeventAnfragePlease enable JavaScript in your browser to complete this form.Name *FirstLastFirmaStra\u00dfe und HausnummerPLZOrtTelefonnummerMobilE-Mail *VeranstaltungsnameVeranstaltungsadresseVeranstaltungsdatumVeranstaltungsdauerDauer des MusikprogrammsUngef\u00e4hre Anzahl der G\u00e4steB\u00fchne vorhanden? *JaNeinOpen-Air Veranstaltung? *JaNeinSaalgr\u00f6\u00dfe (in qm\u00b2)Ton-Ausstattung vorhanden? *JaNeinWenn ja, dann welche?Licht-Ausstattung vorhanden? *JaNeinWenn ja, dann welche?Pressebeteiligung? *JaNeinKommentar oder Nachricht *EmailAbsenden<\/p>\n","protected":false},"author":1,"featured_media":0,"parent":0,"menu_order":0,"comment_status":"closed","ping_status":"closed","template":"template-blank-4.php","meta":[],"aioseo_notices":[],"_links":{"self":[{"href":"https:\/\/alma-vida.com\/en\/wp-json\/wp\/v2\/pages\/165"}],"collection":[{"href":"https:\/\/alma-vida.com\/en\/wp-json\/wp\/v2\/pages"}],"about":[{"href":"https:\/\/alma-vida.com\/en\/wp-json\/wp\/v2\/types\/page"}],"author":[{"embeddable":true,"href":"https:\/\/alma-vida.com\/en\/wp-json\/wp\/v2\/users\/1"}],"replies":[{"embeddable":true,"href":"https:\/\/alma-vida.com\/en\/wp-json\/wp\/v2\/comments?post=165"}],"version-history":[{"count":7,"href":"https:\/\/alma-vida.com\/en\/wp-json\/wp\/v2\/pages\/165\/revisions"}],"predecessor-version":[{"id":221,"href":"https:\/\/alma-vida.com\/en\/wp-json\/wp\/v2\/pages\/165\/revisions\/221"}],"wp:attachment":[{"href":"https:\/\/alma-vida.com\/en\/wp-json\/wp\/v2\/media?parent=165"}],"curies":[{"name":"wp","href":"https:\/\/api.w.org\/{rel}","templated":true}]}}