{"id":67,"date":"2020-01-22T15:21:53","date_gmt":"2020-01-22T15:21:53","guid":{"rendered":"https:\/\/alma-vida.com\/?page_id=67"},"modified":"2020-01-25T13:29:56","modified_gmt":"2020-01-25T13:29:56","slug":"impressum","status":"publish","type":"page","link":"https:\/\/alma-vida.com\/en\/impressum","title":{"rendered":"Impressum"},"content":{"rendered":"<div id=\"cs-content\" class=\"cs-content\"><\/div>\n","protected":false},"excerpt":{"rendered":"<p>Wir stecken hinteralma vidaImpressumKONTAKT Tel.: + +49 203 392 05 123 E-Mail: info(a)alma-vida.com ANSCHRIFT Alma VidaDr. Pouria Sabetian Sengelsweg 9 40489 D\u00fcsseldorf VERANTWORTLICH F\u00dcR DEN INHALT DIESER WEBSEITE: Alma VidaDr. Pouria Sabetian Sengelsweg 9 40489 D\u00fcsseldorf WEBDESIGN &amp; PROGRAMMIERUNG: It &amp; Business Consulting e.K. Manderscheidtstr. 23 45141 Essen Telefon: +49 (0) 201 24 87 9177 Mobil: +49 (0) 173 990 &#8230; <\/p>\n<div><a href=\"https:\/\/alma-vida.com\/en\/impressum\" class=\"more-link\">Read More<\/a><\/div>\n","protected":false},"author":1,"featured_media":0,"parent":0,"menu_order":0,"comment_status":"closed","ping_status":"closed","template":"template-blank-4.php","meta":[],"aioseo_notices":[],"_links":{"self":[{"href":"https:\/\/alma-vida.com\/en\/wp-json\/wp\/v2\/pages\/67"}],"collection":[{"href":"https:\/\/alma-vida.com\/en\/wp-json\/wp\/v2\/pages"}],"about":[{"href":"https:\/\/alma-vida.com\/en\/wp-json\/wp\/v2\/types\/page"}],"author":[{"embeddable":true,"href":"https:\/\/alma-vida.com\/en\/wp-json\/wp\/v2\/users\/1"}],"replies":[{"embeddable":true,"href":"https:\/\/alma-vida.com\/en\/wp-json\/wp\/v2\/comments?post=67"}],"version-history":[{"count":2,"href":"https:\/\/alma-vida.com\/en\/wp-json\/wp\/v2\/pages\/67\/revisions"}],"predecessor-version":[{"id":230,"href":"https:\/\/alma-vida.com\/en\/wp-json\/wp\/v2\/pages\/67\/revisions\/230"}],"wp:attachment":[{"href":"https:\/\/alma-vida.com\/en\/wp-json\/wp\/v2\/media?parent=67"}],"curies":[{"name":"wp","href":"https:\/\/api.w.org\/{rel}","templated":true}]}}